{"id":1531,"date":"2022-10-19T13:08:59","date_gmt":"2022-10-19T11:08:59","guid":{"rendered":"https:\/\/positivity-consulting.pl\/?page_id=1531"},"modified":"2022-10-20T21:54:01","modified_gmt":"2022-10-20T19:54:01","slug":"szkolenie-wszystko-o-pit-2","status":"publish","type":"page","link":"https:\/\/positivity-consulting.pl\/index.php\/szkolenia\/szkolenie-wszystko-o-pit-2\/","title":{"rendered":"Szkolenie: Wszystko o PIT-2"},"content":{"rendered":"\t\t<div data-elementor-type=\"wp-page\" data-elementor-id=\"1531\" class=\"elementor elementor-1531\">\n\t\t\t\t\t\t\t\t\t<section class=\"elementor-section elementor-top-section elementor-element elementor-element-c8ddeb6 elementor-section-height-min-height elementor-section-boxed elementor-section-height-default elementor-section-items-middle\" data-id=\"c8ddeb6\" data-element_type=\"section\" data-settings=\"{&quot;background_background&quot;:&quot;classic&quot;}\">\n\t\t\t\t\t\t\t<div class=\"elementor-background-overlay\"><\/div>\n\t\t\t\t\t\t\t<div class=\"elementor-container elementor-column-gap-default\">\n\t\t\t\t\t<div class=\"elementor-column elementor-col-100 elementor-top-column elementor-element elementor-element-6a5337e\" data-id=\"6a5337e\" data-element_type=\"column\">\n\t\t\t<div class=\"elementor-widget-wrap elementor-element-populated\">\n\t\t\t\t\t\t\t\t<div class=\"elementor-element elementor-element-feefb6c elementor-widget elementor-widget-heading\" data-id=\"feefb6c\" data-element_type=\"widget\" data-widget_type=\"heading.default\">\n\t\t\t\t<div class=\"elementor-widget-container\">\n\t\t\t<style>\/*! elementor - v3.7.8 - 02-10-2022 *\/\n.elementor-heading-title{padding:0;margin:0;line-height:1}.elementor-widget-heading .elementor-heading-title[class*=elementor-size-]>a{color:inherit;font-size:inherit;line-height:inherit}.elementor-widget-heading .elementor-heading-title.elementor-size-small{font-size:15px}.elementor-widget-heading .elementor-heading-title.elementor-size-medium{font-size:19px}.elementor-widget-heading .elementor-heading-title.elementor-size-large{font-size:29px}.elementor-widget-heading .elementor-heading-title.elementor-size-xl{font-size:39px}.elementor-widget-heading .elementor-heading-title.elementor-size-xxl{font-size:59px}<\/style><h1 class=\"elementor-heading-title elementor-size-default\">Wszystko o PIT-2<\/h1>\t\t<\/div>\n\t\t\t\t<\/div>\n\t\t\t\t\t<\/div>\n\t\t<\/div>\n\t\t\t\t\t\t\t<\/div>\n\t\t<\/section>\n\t\t\t\t<section class=\"elementor-section elementor-top-section elementor-element elementor-element-034f786 elementor-section-boxed elementor-section-height-default elementor-section-height-default\" data-id=\"034f786\" data-element_type=\"section\">\n\t\t\t\t\t\t<div class=\"elementor-container elementor-column-gap-default\">\n\t\t\t\t\t<div class=\"elementor-column elementor-col-100 elementor-top-column elementor-element elementor-element-ba0c118\" data-id=\"ba0c118\" data-element_type=\"column\">\n\t\t\t<div class=\"elementor-widget-wrap elementor-element-populated\">\n\t\t\t\t\t\t\t\t<div class=\"elementor-element elementor-element-3dc998b elementor-widget elementor-widget-heading\" data-id=\"3dc998b\" data-element_type=\"widget\" data-widget_type=\"heading.default\">\n\t\t\t\t<div class=\"elementor-widget-container\">\n\t\t\t<h1 class=\"elementor-heading-title elementor-size-default\"><h1 class=\"elementor-heading-title elementor-size-default elementor-inline-editing pen\" data-elementor-setting-key=\"title\" data-pen-placeholder=\"Pisz tutaj...\" style=\"font-size: 76px; font-style: normal; line-height: 1.2; letter-spacing: -3px;\">Wszystko o deklaracji PIT-2<\/h1><\/h1>\t\t<\/div>\n\t\t\t\t<\/div>\n\t\t\t\t<div class=\"elementor-element elementor-element-aa8ea31 elementor-widget elementor-widget-text-editor\" data-id=\"aa8ea31\" data-element_type=\"widget\" data-widget_type=\"text-editor.default\">\n\t\t\t\t<div class=\"elementor-widget-container\">\n\t\t\t<style>\/*! elementor - v3.7.8 - 02-10-2022 *\/\n.elementor-widget-text-editor.elementor-drop-cap-view-stacked .elementor-drop-cap{background-color:#818a91;color:#fff}.elementor-widget-text-editor.elementor-drop-cap-view-framed .elementor-drop-cap{color:#818a91;border:3px solid;background-color:transparent}.elementor-widget-text-editor:not(.elementor-drop-cap-view-default) .elementor-drop-cap{margin-top:8px}.elementor-widget-text-editor:not(.elementor-drop-cap-view-default) .elementor-drop-cap-letter{width:1em;height:1em}.elementor-widget-text-editor .elementor-drop-cap{float:left;text-align:center;line-height:1;font-size:50px}.elementor-widget-text-editor .elementor-drop-cap-letter{display:inline-block}<\/style>\t\t\t\t<h1><span style=\"font-style: inherit; font-weight: inherit; background-color: var(--ast-global-color-5);\">Co to jest PIT-2?<\/span><\/h1><p dir=\"ltr\" style=\"line-height: 1.8; text-align: justify; margin-top: 0pt; margin-bottom: 0pt;\"><span style=\"font-size: 12pt; font-family: Arial; color: #000000; background-color: transparent; font-variant-numeric: normal; font-variant-east-asian: normal; vertical-align: baseline; white-space: pre-wrap;\">PIT-2 to deklaracja zgody pracownika na odliczenie 1\/12 kwoty zmniejszaj\u0105cej podatek przy obliczaniu zaliczek na podatek dochodowy od os\u00f3b fizycznych.\u00a0<\/span><span style=\"background-color: transparent; color: #000000; font-family: Arial; font-size: 12pt; white-space: pre-wrap; font-style: inherit; font-weight: inherit;\">Je\u017celi pracownik przed\u0142o\u017cy deklaracj\u0119 PIT-2 pracodawcy, otrzyma wy\u017csze wynagrodzenie netto. Dzieje si\u0119 tak w rezultacie zmniejszenia zaliczki o 1\/12 kwoty zmniejszaj\u0105cej podatek. Tak\u0105 deklaracj\u0119 pracownik przedk\u0142ada pracodawcy. <\/span><span style=\"background-color: transparent; color: #000000; font-family: Arial; font-size: 12pt; white-space: pre-wrap; font-style: inherit; font-weight: inherit;\">Dzi\u0119ki z\u0142o\u017conemu o\u015bwiadczeniu nasz pracownik otrzymuje wy\u017csze wynagrodzenie netto z tytu\u0142u \u015bwiadczenia pracy. Dlaczego? Jest to rezultat pomniejszania zaliczek o 1\/12 kwoty zmniejszaj\u0105cej podatek. <\/span><\/p><div><span style=\"font-size: 12pt; font-family: Arial; color: #000000; background-color: transparent; font-variant-numeric: normal; font-variant-east-asian: normal; vertical-align: baseline; white-space: pre-wrap;\">\u00a0<\/span><\/div>\t\t\t\t\t\t<\/div>\n\t\t\t\t<\/div>\n\t\t\t\t<div class=\"elementor-element elementor-element-fb89cce elementor-widget elementor-widget-text-editor\" data-id=\"fb89cce\" data-element_type=\"widget\" data-widget_type=\"text-editor.default\">\n\t\t\t\t<div class=\"elementor-widget-container\">\n\t\t\t\t\t\t\t<h1>Program szkolenia<\/h1>\t\t\t\t\t\t<\/div>\n\t\t\t\t<\/div>\n\t\t\t\t<div class=\"elementor-element elementor-element-a611d1f elementor-widget elementor-widget-text-editor\" data-id=\"a611d1f\" data-element_type=\"widget\" data-widget_type=\"text-editor.default\">\n\t\t\t\t<div class=\"elementor-widget-container\">\n\t\t\t\t\t\t\t<ul><li dir=\"ltr\" aria-level=\"1\"><p dir=\"ltr\" role=\"presentation\">Co to jest PIT-2?<\/p><\/li><li dir=\"ltr\" aria-level=\"1\"><p dir=\"ltr\" role=\"presentation\">Co PIT-2 daje podatnikowi?<\/p><\/li><li dir=\"ltr\" aria-level=\"1\"><p dir=\"ltr\" role=\"presentation\">Kto sk\u0142ada PIT-2 w 2022 r, a kto b\u0119dzie sk\u0142ada\u0142 w 2023?<\/p><\/li><li dir=\"ltr\" aria-level=\"1\"><p dir=\"ltr\" role=\"presentation\">Kiedy sk\u0142ada si\u0119 PIT-2?<\/p><\/li><li dir=\"ltr\" aria-level=\"1\"><p dir=\"ltr\" role=\"presentation\">Co si\u0119 stanie, kiedy PIT-2 nie zostanie z\u0142o\u017cony?<\/p><\/li><li dir=\"ltr\" aria-level=\"1\"><p dir=\"ltr\" role=\"presentation\">Kiedy nale\u017cy wycofa\u0107 PIT-2?<\/p><\/li><li dir=\"ltr\" aria-level=\"1\"><p dir=\"ltr\" role=\"presentation\">PIT-2 w 2021, 2022 i 2023 r. \u2013 podsumowanie zmian<\/p><\/li><li dir=\"ltr\" aria-level=\"1\"><p dir=\"ltr\" role=\"presentation\">Kwota wolna od podatku i nowa zredukowana stawka podatkowa &#8211; wp\u0142yw na now\u0105 kwot\u0119 zmniejszaj\u0105c\u0105 obowi\u0105zuj\u0105c\u0105 od 1 lipca 2022<\/p><\/li><li dir=\"ltr\" aria-level=\"1\"><p dir=\"ltr\" role=\"presentation\">Zasady stosowania nowej kwoty zmniejszaj\u0105cej podatek w 2022 r.<\/p><\/li><li dir=\"ltr\" aria-level=\"1\"><p dir=\"ltr\" role=\"presentation\">Czy PIT-2 mo\u017ce by\u0107 sk\u0142adany w trakcie roku kalendarzowego?<\/p><\/li><li dir=\"ltr\" aria-level=\"1\"><p dir=\"ltr\" role=\"presentation\">Czy PIT-2 nale\u017cy sk\u0142ada\u0107 p\u0142atnikowi co roku?<\/p><\/li><li dir=\"ltr\" aria-level=\"1\"><p dir=\"ltr\" role=\"presentation\">Pracownik-emeryt lub rencista a PIT-2<\/p><\/li><li dir=\"ltr\" aria-level=\"1\"><p dir=\"ltr\" role=\"presentation\">Zmiany w PIT-2 od 1 stycznia 2023.\u00a0<\/p><\/li><li dir=\"ltr\" aria-level=\"1\"><p dir=\"ltr\" role=\"presentation\">Zasady stosowania nowej kwoty zmniejszaj\u0105cej podatek w 2023 r.<\/p><\/li><li dir=\"ltr\" aria-level=\"1\"><p dir=\"ltr\" role=\"presentation\">Prawo podatnika do swobodnej decyzji o zastosowaniu kwoty wolnej przez danego p\u0142atnika.<\/p><\/li><li dir=\"ltr\" aria-level=\"1\"><p dir=\"ltr\" role=\"presentation\">Prawo podatnika do wskazania do trzech p\u0142atnik\u00f3w, kt\u00f3rzy mog\u0105 zastosowa\u0107 kwot\u0119 zmniejszaj\u0105c\u0105 podatek.<\/p><\/li><li dir=\"ltr\" aria-level=\"1\"><p dir=\"ltr\" role=\"presentation\">Nowe zasady sk\u0142adania o\u015bwiadcze\u0144 o zastosowaniu kwoty zmniejszaj\u0105cej podatek.<\/p><\/li><li dir=\"ltr\" aria-level=\"1\"><p dir=\"ltr\" role=\"presentation\">Kto jeszcze b\u0119dzie m\u00f3g\u0142 zastosowa\u0107 kwot\u0119 zmniejszaj\u0105c\u0105 podatek od 2023 r.?<\/p><\/li><li dir=\"ltr\" aria-level=\"1\"><p dir=\"ltr\" role=\"presentation\">Zasady sk\u0142adania o\u015bwiadcze\u0144 i wniosk\u00f3w od 1 stycznia 2023 r.<\/p><\/li><li dir=\"ltr\" aria-level=\"1\"><p dir=\"ltr\" role=\"presentation\">Pytania i odpowiedzi<\/p><\/li><\/ul>\t\t\t\t\t\t<\/div>\n\t\t\t\t<\/div>\n\t\t\t\t<div class=\"elementor-element elementor-element-176c137 elementor-widget elementor-widget-text-editor\" data-id=\"176c137\" data-element_type=\"widget\" data-widget_type=\"text-editor.default\">\n\t\t\t\t<div class=\"elementor-widget-container\">\n\t\t\t\t\t\t\t<h2>Czego dowiesz si\u0119 podczas szkolenia?<\/h2><p dir=\"ltr\" style=\"line-height: 1.38; margin-top: 0pt; margin-bottom: 0pt;\"><span style=\"font-size: 11pt; font-family: Arial; color: #000000; background-color: transparent; font-weight: bold; font-variant-numeric: normal; font-variant-east-asian: normal; vertical-align: baseline; white-space: pre-wrap;\">\u00a0<\/span><\/p><ul><li style=\"font-weight: 400;\" aria-level=\"1\"><span style=\"font-weight: 400;\">Kiedy sk\u0142ada si\u0119 PIT-2?<\/span><\/li><li style=\"font-weight: 400;\" aria-level=\"1\"><span style=\"font-weight: 400;\">Kiedy nale\u017cy wycofa\u0107 PIT-2?<\/span><\/li><li style=\"font-weight: 400;\" aria-level=\"1\"><span style=\"font-weight: 400;\">Czy PiT 2 mo\u017ce by\u0107 sk\u0142adany w trakcie roku kalendarzowego?<\/span><\/li><li style=\"font-weight: 400;\" aria-level=\"1\"><span style=\"font-weight: 400;\">Czy PIT-2 nale\u017cy sk\u0142ada\u0107 p\u0142atnikowi co roku?<\/span><\/li><li style=\"font-weight: 400;\" aria-level=\"1\"><span style=\"font-weight: 400;\">Kto jeszcze b\u0119dzie m\u00f3g\u0142 zastosowa\u0107 kwot\u0119 zmniejszaj\u0105c\u0105 podatek od 2023 r?<\/span><\/li><\/ul>\t\t\t\t\t\t<\/div>\n\t\t\t\t<\/div>\n\t\t\t\t<div class=\"elementor-element elementor-element-041d2cf elementor-widget elementor-widget-text-editor\" data-id=\"041d2cf\" data-element_type=\"widget\" data-widget_type=\"text-editor.default\">\n\t\t\t\t<div class=\"elementor-widget-container\">\n\t\t\t\t\t\t\t<h2>Podczas szkolenia poznasz:<span style=\"background-color: transparent; color: #000000; font-family: Arial; font-size: 11pt; white-space: pre-wrap; font-style: inherit;\">\u00a0<\/span><\/h2><ul><li style=\"font-weight: 400;\" aria-level=\"1\"><span style=\"font-weight: 400;\">podsumowanie zmian dotycz\u0105cych PIT-2 w latach 2021, 2022 i 2023<\/span><\/li><li style=\"font-weight: 400;\" aria-level=\"1\"><span style=\"font-weight: 400;\">zasady stosowania nowej kwoty zmniejszaj\u0105cej w 2022r<\/span><\/li><li style=\"font-weight: 400;\" aria-level=\"1\"><span style=\"font-weight: 400;\">aktualne regu\u0142y sk\u0142adania o\u015bwiadcze\u0144 dot. kwoty zmniejszaj\u0105cej<\/span><\/li><li style=\"font-weight: 400;\" aria-level=\"1\"><span style=\"font-weight: 400;\">regu\u0142y sk\u0142adania o\u015bwiadcze\u0144 i wniosk\u00f3w od 1 stycznia 2023 r.<\/span><\/li><\/ul>\t\t\t\t\t\t<\/div>\n\t\t\t\t<\/div>\n\t\t\t\t<div class=\"elementor-element elementor-element-68fea5f elementor-widget elementor-widget-text-editor\" data-id=\"68fea5f\" data-element_type=\"widget\" data-widget_type=\"text-editor.default\">\n\t\t\t\t<div class=\"elementor-widget-container\">\n\t\t\t\t\t\t\t<h2><b>Dla kogo jest przeznaczone szkolenie?<\/b><\/h2><p><span style=\"font-weight: 400;\">Szkolenie przeznaczone jest dla: <\/span><\/p><ul><li><span style=\"font-weight: 400;\">specjalist\u00f3w ds. kadr i p\u0142ac, <\/span><\/li><li><span style=\"font-weight: 400;\">specjalist\u00f3w ds. HR zajmuj\u0105cych si\u0119 kwestiami kadrowymi,<\/span><\/li><li><span style=\"font-weight: 400;\"> mened\u017cer\u00f3w ds. kadr i p\u0142ac, <\/span><\/li><li><span style=\"font-weight: 400;\">mened\u017cer\u00f3w HR,<\/span><\/li><li><span style=\"font-weight: 400;\"> w\u0142a\u015bcicieli ma\u0142ych i \u015brednich firm,<\/span><\/li><li><span style=\"font-weight: 400;\"> pracodawc\u00f3w i pracownik\u00f3w zainteresowanych tematyk\u0105 wynagrodze\u0144<\/span><\/li><\/ul>\t\t\t\t\t\t<\/div>\n\t\t\t\t<\/div>\n\t\t\t\t<div class=\"elementor-element elementor-element-e3dc34d elementor-align-center elementor-widget elementor-widget-button\" data-id=\"e3dc34d\" data-element_type=\"widget\" data-widget_type=\"button.default\">\n\t\t\t\t<div class=\"elementor-widget-container\">\n\t\t\t\t\t<div class=\"elementor-button-wrapper\">\n\t\t\t<a href=\"https:\/\/positivity-consulting.pl\/index.php\/\/produkt\/szkolenie-pit2\/\" class=\"elementor-button-link elementor-button elementor-size-xl\" role=\"button\">\n\t\t\t\t\t\t<span class=\"elementor-button-content-wrapper\">\n\t\t\t\t\t\t\t<span class=\"elementor-button-icon elementor-align-icon-left\">\n\t\t\t\t<i aria-hidden=\"true\" class=\"fas fa-shopping-cart\"><\/i>\t\t\t<\/span>\n\t\t\t\t\t\t<span class=\"elementor-button-text\">Kup szkolenie<\/span>\n\t\t<\/span>\n\t\t\t\t\t<\/a>\n\t\t<\/div>\n\t\t\t\t<\/div>\n\t\t\t\t<\/div>\n\t\t\t\t<section class=\"elementor-section elementor-inner-section elementor-element elementor-element-d762106 elementor-section-boxed elementor-section-height-default elementor-section-height-default\" data-id=\"d762106\" data-element_type=\"section\">\n\t\t\t\t\t\t<div class=\"elementor-container elementor-column-gap-default\">\n\t\t\t\t\t<div class=\"elementor-column elementor-col-50 elementor-inner-column elementor-element elementor-element-08ec54c\" data-id=\"08ec54c\" data-element_type=\"column\">\n\t\t\t<div class=\"elementor-widget-wrap elementor-element-populated\">\n\t\t\t\t\t\t\t\t<div class=\"elementor-element elementor-element-d35be41 elementor-widget elementor-widget-heading\" data-id=\"d35be41\" data-element_type=\"widget\" data-widget_type=\"heading.default\">\n\t\t\t\t<div class=\"elementor-widget-container\">\n\t\t\t<h3 class=\"elementor-heading-title elementor-size-default\">Prowadz\u0105ca szkolenie<\/h3>\t\t<\/div>\n\t\t\t\t<\/div>\n\t\t\t\t<div class=\"elementor-element elementor-element-9fdb291 elementor-widget elementor-widget-image\" data-id=\"9fdb291\" data-element_type=\"widget\" data-widget_type=\"image.default\">\n\t\t\t\t<div class=\"elementor-widget-container\">\n\t\t\t<style>\/*! elementor - v3.7.8 - 02-10-2022 *\/\n.elementor-widget-image{text-align:center}.elementor-widget-image a{display:inline-block}.elementor-widget-image a img[src$=\".svg\"]{width:48px}.elementor-widget-image img{vertical-align:middle;display:inline-block}<\/style>\t\t\t\t\t\t\t\t\t\t\t\t<img width=\"150\" height=\"150\" src=\"https:\/\/positivity-consulting.pl\/wp-content\/uploads\/2021\/11\/barbara-pawelko-czajka-positivity_kw-150x150.jpg\" class=\"attachment-thumbnail size-thumbnail\" alt=\"Barbara Pawe\u0142ko-Czajka Positivity - Szkolenia i konsultacje\" loading=\"lazy\" srcset=\"https:\/\/positivity-consulting.pl\/wp-content\/uploads\/2021\/11\/barbara-pawelko-czajka-positivity_kw-150x150.jpg 150w, https:\/\/positivity-consulting.pl\/wp-content\/uploads\/2021\/11\/barbara-pawelko-czajka-positivity_kw-300x300.jpg 300w, https:\/\/positivity-consulting.pl\/wp-content\/uploads\/2021\/11\/barbara-pawelko-czajka-positivity_kw-100x100.jpg 100w, https:\/\/positivity-consulting.pl\/wp-content\/uploads\/2021\/11\/barbara-pawelko-czajka-positivity_kw-400x400.jpg 400w, https:\/\/positivity-consulting.pl\/wp-content\/uploads\/2021\/11\/barbara-pawelko-czajka-positivity_kw.jpg 480w\" sizes=\"(max-width: 150px) 100vw, 150px\" \/>\t\t\t\t\t\t\t\t\t\t\t\t\t\t\t<\/div>\n\t\t\t\t<\/div>\n\t\t\t\t<div class=\"elementor-element elementor-element-f74d689 elementor-widget elementor-widget-heading\" data-id=\"f74d689\" data-element_type=\"widget\" data-widget_type=\"heading.default\">\n\t\t\t\t<div class=\"elementor-widget-container\">\n\t\t\t<h3 class=\"elementor-heading-title elementor-size-default\">Barbara Pawe\u0142ko-Czajka<\/h3>\t\t<\/div>\n\t\t\t\t<\/div>\n\t\t\t\t<div class=\"elementor-element elementor-element-8fa3d11 elementor-widget elementor-widget-text-editor\" data-id=\"8fa3d11\" data-element_type=\"widget\" data-widget_type=\"text-editor.default\">\n\t\t\t\t<div class=\"elementor-widget-container\">\n\t\t\t\t\t\t\t<p>Od kilkunastu lat jestem trenerk\u0105 oraz nauczycielk\u0105 akademick\u0105. Prowadz\u0119 szkolenia z zakresu prawa pracy, kadr i p\u0142ac, ubezpiecze\u0144 spo\u0142ecznych, zatrudniania obcokrajowc\u00f3w oraz z instrukcji kancelaryjnej, prowadzenia sekretariatu i ochrony danych osobowych zgodnie z RODO.<\/p>\t\t\t\t\t\t<\/div>\n\t\t\t\t<\/div>\n\t\t\t\t\t<\/div>\n\t\t<\/div>\n\t\t\t\t<div class=\"elementor-column elementor-col-50 elementor-inner-column elementor-element elementor-element-d30d7a1\" data-id=\"d30d7a1\" data-element_type=\"column\">\n\t\t\t<div class=\"elementor-widget-wrap elementor-element-populated\">\n\t\t\t\t\t\t\t\t<div class=\"elementor-element elementor-element-6260bc9 elementor-widget elementor-widget-heading\" data-id=\"6260bc9\" data-element_type=\"widget\" data-widget_type=\"heading.default\">\n\t\t\t\t<div class=\"elementor-widget-container\">\n\t\t\t<h3 class=\"elementor-heading-title elementor-size-default\">Z kim wsp\u00f3\u0142pracowa\u0142am?<\/h3>\t\t<\/div>\n\t\t\t\t<\/div>\n\t\t\t\t<div class=\"elementor-element elementor-element-3a99000 elementor-widget elementor-widget-text-editor\" data-id=\"3a99000\" data-element_type=\"widget\" data-widget_type=\"text-editor.default\">\n\t\t\t\t<div class=\"elementor-widget-container\">\n\t\t\t\t\t\t\t<p>Wsp\u00f3\u0142pracowa\u0142am m. in. z Dolno\u015bl\u0105sk\u0105 Szko\u0142\u0105 Wy\u017csz\u0105,\u00a0<\/p><p>Wy\u017csz\u0105 Szko\u0142\u0105 Bankow\u0105 we Wroc\u0142awiu,\u00a0<\/p><p>Stowarzyszeniem Ksi\u0119gowych w Polsce,\u00a0<span style=\"font-style: inherit; font-weight: inherit; background-color: var(--ast-global-color-5); color: var(--ast-global-color-3);\">Bankowym O\u015brodkiem\u00a0<\/span><\/p><p><span style=\"font-style: inherit; font-weight: inherit; background-color: var(--ast-global-color-5); color: var(--ast-global-color-3);\">Doradztwa\u00a0<\/span><span style=\"font-style: inherit; font-weight: inherit; background-color: var(--ast-global-color-5); color: var(--ast-global-color-3);\">i Edukacji, Centrum Nauki i Biznesu \u017bak\u00a0<\/span><\/p><p>oraz Regionalnym O\u015brodkiem Edukacji.<\/p><p>Prowadzi\u0142am szkolenia m. in. dla najwi\u0119kszego ecommerce na \u015bwiecie, jednego z najbardziej innowacyjnych globalnych przedsi\u0119biorstw produkcyjnych, czo\u0142owego polskiego koncernu multienergetycznego, jednostek samorz\u0105du terytorialnego oraz dla s\u0142u\u017cb mundurowych.<\/p>\t\t\t\t\t\t<\/div>\n\t\t\t\t<\/div>\n\t\t\t\t\t<\/div>\n\t\t<\/div>\n\t\t\t\t\t\t\t<\/div>\n\t\t<\/section>\n\t\t\t\t\t<\/div>\n\t\t<\/div>\n\t\t\t\t\t\t\t<\/div>\n\t\t<\/section>\n\t\t\t\t<section class=\"elementor-section elementor-top-section elementor-element elementor-element-e889fc3 elementor-section-boxed elementor-section-height-default elementor-section-height-default\" data-id=\"e889fc3\" data-element_type=\"section\" data-settings=\"{&quot;background_background&quot;:&quot;classic&quot;}\">\n\t\t\t\t\t\t<div class=\"elementor-container elementor-column-gap-default\">\n\t\t\t\t\t<div class=\"elementor-column elementor-col-33 elementor-top-column elementor-element elementor-element-3c8f4a8\" data-id=\"3c8f4a8\" data-element_type=\"column\">\n\t\t\t<div class=\"elementor-widget-wrap\">\n\t\t\t\t\t\t\t\t\t<\/div>\n\t\t<\/div>\n\t\t\t\t<div class=\"elementor-column elementor-col-33 elementor-top-column elementor-element elementor-element-ebb2ba7\" data-id=\"ebb2ba7\" data-element_type=\"column\">\n\t\t\t<div class=\"elementor-widget-wrap elementor-element-populated\">\n\t\t\t\t\t\t\t\t<div class=\"elementor-element elementor-element-12dd2cb elementor-widget elementor-widget-heading\" data-id=\"12dd2cb\" data-element_type=\"widget\" data-widget_type=\"heading.default\">\n\t\t\t\t<div class=\"elementor-widget-container\">\n\t\t\t<h2 class=\"elementor-heading-title elementor-size-default\">Dlaczego warto?<\/h2>\t\t<\/div>\n\t\t\t\t<\/div>\n\t\t\t\t<div class=\"elementor-element elementor-element-beb0353 elementor-widget elementor-widget-heading\" data-id=\"beb0353\" data-element_type=\"widget\" data-widget_type=\"heading.default\">\n\t\t\t\t<div class=\"elementor-widget-container\">\n\t\t\t<h4 class=\"elementor-heading-title elementor-size-default\">\u201cInformacje przekazywane w jasny i przyst\u0119pny spos\u00f3b. W trakcie szkoleniamo\u017cna uzyska\u0107 wiedz\u0119 i informacje z tematyki, kt\u00f3rej dotyczy szkolenie. Dobry kontakt osoby prowadz\u0105cej szkolenie z uczestnikami.\u201d<\/h4>\t\t<\/div>\n\t\t\t\t<\/div>\n\t\t\t\t<div class=\"elementor-element elementor-element-b37898a elementor-widget elementor-widget-text-editor\" data-id=\"b37898a\" data-element_type=\"widget\" data-widget_type=\"text-editor.default\">\n\t\t\t\t<div class=\"elementor-widget-container\">\n\t\t\t\t\t\t\t<p>Z ankiety ewaluacyjnej szkolenia<\/p>\t\t\t\t\t\t<\/div>\n\t\t\t\t<\/div>\n\t\t\t\t\t<\/div>\n\t\t<\/div>\n\t\t\t\t<div class=\"elementor-column elementor-col-33 elementor-top-column elementor-element elementor-element-9e16007\" data-id=\"9e16007\" data-element_type=\"column\">\n\t\t\t<div class=\"elementor-widget-wrap\">\n\t\t\t\t\t\t\t\t\t<\/div>\n\t\t<\/div>\n\t\t\t\t\t\t\t<\/div>\n\t\t<\/section>\n\t\t\t\t\t\t\t<\/div>\n\t\t","protected":false},"excerpt":{"rendered":"<p>Wszystko o PIT-2 Wszystko o deklaracji PIT-2 Co to jest PIT-2? PIT-2 to deklaracja zgody pracownika na odliczenie 1\/12 kwoty zmniejszaj\u0105cej podatek przy obliczaniu zaliczek na podatek dochodowy od os\u00f3b fizycznych.\u00a0Je\u017celi pracownik przed\u0142o\u017cy deklaracj\u0119 PIT-2 pracodawcy, otrzyma wy\u017csze wynagrodzenie netto. Dzieje si\u0119 tak w rezultacie zmniejszenia zaliczki o 1\/12 kwoty zmniejszaj\u0105cej podatek. Tak\u0105 deklaracj\u0119 pracownik &hellip;<\/p>\n<p class=\"read-more\"> <a class=\"\" href=\"https:\/\/positivity-consulting.pl\/index.php\/szkolenia\/szkolenie-wszystko-o-pit-2\/\"> <span class=\"screen-reader-text\">Szkolenie: Wszystko o PIT-2<\/span> Read More &raquo;<\/a><\/p>\n","protected":false},"author":1,"featured_media":0,"parent":928,"menu_order":0,"comment_status":"closed","ping_status":"closed","template":"","meta":{"site-sidebar-layout":"no-sidebar","site-content-layout":"page-builder","ast-global-header-display":"","ast-main-header-display":"","ast-hfb-above-header-display":"","ast-hfb-below-header-display":"","ast-hfb-mobile-header-display":"","site-post-title":"disabled","ast-breadcrumbs-content":"","ast-featured-img":"disabled","footer-sml-layout":"","theme-transparent-header-meta":"enabled","adv-header-id-meta":"","stick-header-meta":"","header-above-stick-meta":"","header-main-stick-meta":"","header-below-stick-meta":""},"_links":{"self":[{"href":"https:\/\/positivity-consulting.pl\/index.php\/wp-json\/wp\/v2\/pages\/1531"}],"collection":[{"href":"https:\/\/positivity-consulting.pl\/index.php\/wp-json\/wp\/v2\/pages"}],"about":[{"href":"https:\/\/positivity-consulting.pl\/index.php\/wp-json\/wp\/v2\/types\/page"}],"author":[{"embeddable":true,"href":"https:\/\/positivity-consulting.pl\/index.php\/wp-json\/wp\/v2\/users\/1"}],"replies":[{"embeddable":true,"href":"https:\/\/positivity-consulting.pl\/index.php\/wp-json\/wp\/v2\/comments?post=1531"}],"version-history":[{"count":26,"href":"https:\/\/positivity-consulting.pl\/index.php\/wp-json\/wp\/v2\/pages\/1531\/revisions"}],"predecessor-version":[{"id":1592,"href":"https:\/\/positivity-consulting.pl\/index.php\/wp-json\/wp\/v2\/pages\/1531\/revisions\/1592"}],"up":[{"embeddable":true,"href":"https:\/\/positivity-consulting.pl\/index.php\/wp-json\/wp\/v2\/pages\/928"}],"wp:attachment":[{"href":"https:\/\/positivity-consulting.pl\/index.php\/wp-json\/wp\/v2\/media?parent=1531"}],"curies":[{"name":"wp","href":"https:\/\/api.w.org\/{rel}","templated":true}]}}